{"id":378,"date":"2020-01-27T09:57:19","date_gmt":"2020-01-27T08:57:19","guid":{"rendered":"http:\/\/gsauditors.pl\/o-nas\/"},"modified":"2023-01-04T12:50:55","modified_gmt":"2023-01-04T11:50:55","slug":"about-us","status":"publish","type":"page","link":"https:\/\/gsauditors.pl\/en\/about-us\/","title":{"rendered":"About us"},"content":{"rendered":"<section class=\"l-section wpb_row height_large with_img\"><div class=\"l-section-img\" role=\"img\" data-img-width=\"1920\" data-img-height=\"375\" style=\"background-image: url(https:\/\/gsauditors.pl\/wp-content\/uploads\/2020\/03\/o-nas-naglowek.jpg);\"><\/div><div class=\"l-section-h i-cf\"><div class=\"g-cols vc_row via_flex valign_top type_default stacking_default\"><div class=\"vc_col-sm-12 wpb_column vc_column_container\"><div class=\"vc_column-inner\"><div class=\"wpb_wrapper\"><div class=\"wpb_text_column us_custom_6df4bc3a align_center has_text_color\"><div class=\"wpb_wrapper\"><h1>About us<\/h1>\n<\/div><\/div><\/div><\/div><\/div><\/div><\/div><\/section><section class=\"l-section wpb_row us_custom_0d15be52 height_large\"><div class=\"l-section-h i-cf\"><div class=\"g-cols vc_row via_flex valign_top type_default stacking_default\"><div class=\"vc_col-sm-12 wpb_column vc_column_container\"><div class=\"vc_column-inner\"><div class=\"wpb_wrapper\"><div class=\"g-cols wpb_row via_flex valign_middle type_default stacking_default\"><div class=\"vc_col-sm-2 vc_hidden-xs wpb_column vc_column_container zdjecie-pr us_animate_afl\" style=\"animation-delay:0.2s\"><div class=\"vc_column-inner\"><div class=\"wpb_wrapper\"><div class=\"w-image align_center\"><div class=\"w-image-h\"><img decoding=\"async\" width=\"485\" height=\"628\" src=\"https:\/\/gsauditors.pl\/wp-content\/uploads\/2020\/03\/01.jpg\" class=\"attachment-full size-full\" alt=\"\" loading=\"lazy\" srcset=\"https:\/\/gsauditors.pl\/wp-content\/uploads\/2020\/03\/01.jpg 485w, https:\/\/gsauditors.pl\/wp-content\/uploads\/2020\/03\/01-232x300.jpg 232w\" sizes=\"auto, (max-width: 485px) 100vw, 485px\" \/><\/div><\/div><\/div><\/div><\/div><div class=\"vc_col-sm-10 wpb_column vc_column_container align_justify txt-w-bg us_animate_afr\" style=\"animation-delay:0.2s\"><div class=\"vc_column-inner\"><div class=\"wpb_wrapper\"><div class=\"wpb_text_column\"><div class=\"wpb_wrapper\"><p>Auditors G\u00f3rka &amp; Szulc Sp. z o.o. is a modern accounting company providing services both to local companies and large international corporations and foreign entities. Since 2004, our company has been supporting its clients in their business operations with its extensive professional experience, academic background, and the innovativeness of its solutions. We provide services in terms of accountancy, taxes, HR and payrolls, and broadly understood legal and business advisory. We are fluent in English and German.<br \/>\nOur clients include companies operating in various sectors: trade, production, services, and medicine. Irrespective of the profile, ensuring the confidentiality and protection of our clients\u2019 data is our priority.<\/p>\n<\/div><\/div><\/div><\/div><\/div><\/div><div class=\"g-cols wpb_row us_custom_79a6436d via_flex valign_middle type_default reversed stacking_default\"><div class=\"vc_col-sm-10 wpb_column vc_column_container align_justify txt-w-bg us_animate_afl\" style=\"animation-delay:0.2s\"><div class=\"vc_column-inner\"><div class=\"wpb_wrapper\"><div class=\"wpb_text_column\"><div class=\"wpb_wrapper\"><p>The company is managed by experienced statutory auditors and certified accountants: Dr. \u0141ukasz G\u00f3rka and Dr. Ma\u0142gorzata Szulc, who have brought together a team of top experts in finance, taxes, law, and management.<\/p>\n<p>The company focuses on professional knowledge and its skillful use in practice. This is why all team members always learn new things and improve their competences. As academics, we also offer training sessions to our clients, so that they have more practical knowledge. Many years of experience in contacts with public authorities (tax offices and the national social insurance institution) allow us to efficiently solve all of the problems our clients may face when doing business. For a number of years, we have been members of the Krak\u00f3w Branch of the Polish Association of Accountants where we are active as members of the board and educators.<\/p>\n<\/div><\/div><\/div><\/div><\/div><div class=\"vc_col-sm-2 vc_hidden-xs wpb_column vc_column_container zdjecie-pr zdjecie-pr-1 us_animate_afr\" style=\"animation-delay:0.2s\"><div class=\"vc_column-inner\"><div class=\"wpb_wrapper\"><div class=\"w-image align_center\"><div class=\"w-image-h\"><img decoding=\"async\" width=\"485\" height=\"628\" src=\"https:\/\/gsauditors.pl\/wp-content\/uploads\/2020\/03\/02.jpg\" class=\"attachment-full size-full\" alt=\"\" loading=\"lazy\" srcset=\"https:\/\/gsauditors.pl\/wp-content\/uploads\/2020\/03\/02.jpg 485w, https:\/\/gsauditors.pl\/wp-content\/uploads\/2020\/03\/02-232x300.jpg 232w\" sizes=\"auto, (max-width: 485px) 100vw, 485px\" \/><\/div><\/div><\/div><\/div><\/div><\/div><div class=\"g-cols wpb_row us_custom_f029a2ba via_flex valign_middle type_default stacking_default\"><div class=\"vc_col-sm-2 vc_hidden-xs wpb_column vc_column_container zdjecie-pr us_animate_afl\" style=\"animation-delay:0.2s\"><div class=\"vc_column-inner\"><div class=\"wpb_wrapper\"><div class=\"w-image align_center\"><div class=\"w-image-h\"><img decoding=\"async\" width=\"485\" height=\"628\" src=\"https:\/\/gsauditors.pl\/wp-content\/uploads\/2020\/03\/03.jpg\" class=\"attachment-full size-full\" alt=\"\" loading=\"lazy\" srcset=\"https:\/\/gsauditors.pl\/wp-content\/uploads\/2020\/03\/03.jpg 485w, https:\/\/gsauditors.pl\/wp-content\/uploads\/2020\/03\/03-232x300.jpg 232w\" sizes=\"auto, (max-width: 485px) 100vw, 485px\" \/><\/div><\/div><\/div><\/div><\/div><div class=\"vc_col-sm-10 wpb_column vc_column_container align_justify txt-w-bg us_animate_afr\" style=\"animation-delay:0.2s\"><div class=\"vc_column-inner\"><div class=\"wpb_wrapper\"><div class=\"wpb_text_column\"><div class=\"wpb_wrapper\"><p>We provide our services in accordance with the Polish Law on Statutory Accountants and Their Self-Governing Body and the Polish Law on Accounting.<\/p>\n<p>The security of your company and your ledgers is also guaranteed by our third party liability insurance.<\/p>\n<p>We have been enjoying the unwavering trust of our clients thanks to the values we follow in everyday work since the very beginning of our company.<\/p>\n<\/div><\/div><\/div><\/div><\/div><\/div><div class=\"g-cols wpb_row us_custom_4fb9e5a3 gsauditors-opis via_flex valign_middle type_default reversed stacking_default\"><div class=\"vc_col-sm-6 wpb_column vc_column_container us_animate_afl\" style=\"animation-delay:0.2s\"><div class=\"vc_column-inner\"><div class=\"wpb_wrapper\"><div class=\"wpb_text_column\"><div class=\"wpb_wrapper\"><h2>Auditors G\u00f3rka &amp; Szulc means:<\/h2>\n<p><strong>A<\/strong>mbitious approach to looking for solutions<\/p>\n<p><strong>U<\/strong>ltimate quality of services<\/p>\n<p><strong>D<\/strong>oing everything for the good of our clients<\/p>\n<p><strong>I<\/strong>nnovativeness at work<\/p>\n<p><strong>T<\/strong>asks always completed on time<\/p>\n<p><strong>O<\/strong>ngoing contact with our clients<\/p>\n<p><strong>R<\/strong>esponsibility<\/p>\n<p><strong>S<\/strong>oundness and integrity<\/p>\n<\/div><\/div><\/div><\/div><\/div><div class=\"vc_col-sm-6 wpb_column vc_column_container us_animate_afr\" style=\"animation-delay:0.2s\"><div class=\"vc_column-inner\"><div class=\"wpb_wrapper\"><div class=\"w-image us_custom_b4c0c321 align_center\"><div class=\"w-image-h\"><img decoding=\"async\" width=\"367\" height=\"118\" src=\"https:\/\/gsauditors.pl\/wp-content\/uploads\/2020\/03\/logo.jpg\" class=\"attachment-full size-full\" alt=\"\" loading=\"lazy\" srcset=\"https:\/\/gsauditors.pl\/wp-content\/uploads\/2020\/03\/logo.jpg 367w, https:\/\/gsauditors.pl\/wp-content\/uploads\/2020\/03\/logo-300x96.jpg 300w\" sizes=\"auto, (max-width: 367px) 100vw, 367px\" \/><\/div><\/div><\/div><\/div><\/div><\/div><\/div><\/div><\/div><\/div><\/div><\/section>\n","protected":false},"excerpt":{"rendered":"About us Auditors G\u00f3rka &amp; Szulc Sp. z o.o. is a modern accounting company providing services both to local companies and large international corporations and foreign entities. Since 2004, our company has been supporting its clients in their business operations with its extensive professional experience, academic background, and the innovativeness of its solutions. We provide...","protected":false},"author":1,"featured_media":0,"parent":0,"menu_order":0,"comment_status":"closed","ping_status":"closed","template":"","meta":{"footnotes":""},"class_list":["post-378","page","type-page","status-publish","hentry"],"yoast_head":"<!-- This site is optimized with the Yoast SEO plugin v24.4 - https:\/\/yoast.com\/wordpress\/plugins\/seo\/ -->\n<title>About us - GS Auditors<\/title>\n<meta name=\"description\" content=\"Auditors G\u00f3rka &amp; Szulc Sp. z o.o. is a modern accounting company providing services both to local companies and large international corporations and foreign entities.\" \/>\n<meta name=\"robots\" content=\"index, follow, max-snippet:-1, max-image-preview:large, max-video-preview:-1\" \/>\n<link rel=\"canonical\" href=\"https:\/\/gsauditors.pl\/en\/about-us\/\" \/>\n<meta property=\"og:locale\" content=\"en_US\" \/>\n<meta property=\"og:type\" content=\"article\" \/>\n<meta property=\"og:title\" content=\"About us - GS Auditors\" \/>\n<meta property=\"og:description\" content=\"Auditors G\u00f3rka &amp; Szulc Sp. z o.o. is a modern accounting company providing services both to local companies and large international corporations and foreign entities.\" \/>\n<meta property=\"og:url\" content=\"https:\/\/gsauditors.pl\/en\/about-us\/\" \/>\n<meta property=\"og:site_name\" content=\"GS Auditors\" \/>\n<meta property=\"article:modified_time\" content=\"2023-01-04T11:50:55+00:00\" \/>\n<meta property=\"og:image\" content=\"https:\/\/gsauditors.pl\/wp-content\/uploads\/2020\/01\/fb-gs-auditors.jpg\" \/>\n\t<meta property=\"og:image:width\" content=\"600\" \/>\n\t<meta property=\"og:image:height\" content=\"315\" \/>\n\t<meta property=\"og:image:type\" content=\"image\/jpeg\" \/>\n<meta name=\"twitter:card\" content=\"summary_large_image\" \/>\n<meta name=\"twitter:label1\" content=\"Est. reading time\" \/>\n\t<meta name=\"twitter:data1\" content=\"3 minutes\" \/>\n<script type=\"application\/ld+json\" class=\"yoast-schema-graph\">{\"@context\":\"https:\/\/schema.org\",\"@graph\":[{\"@type\":\"WebPage\",\"@id\":\"https:\/\/gsauditors.pl\/en\/about-us\/\",\"url\":\"https:\/\/gsauditors.pl\/en\/about-us\/\",\"name\":\"About us - GS Auditors\",\"isPartOf\":{\"@id\":\"https:\/\/gsauditors.pl\/#website\"},\"datePublished\":\"2020-01-27T08:57:19+00:00\",\"dateModified\":\"2023-01-04T11:50:55+00:00\",\"description\":\"Auditors G\u00f3rka & Szulc Sp. z o.o. is a modern accounting company providing services both to local companies and large international corporations and foreign entities.\",\"breadcrumb\":{\"@id\":\"https:\/\/gsauditors.pl\/en\/about-us\/#breadcrumb\"},\"inLanguage\":\"en-US\",\"potentialAction\":[{\"@type\":\"ReadAction\",\"target\":[\"https:\/\/gsauditors.pl\/en\/about-us\/\"]}]},{\"@type\":\"BreadcrumbList\",\"@id\":\"https:\/\/gsauditors.pl\/en\/about-us\/#breadcrumb\",\"itemListElement\":[{\"@type\":\"ListItem\",\"position\":1,\"name\":\"Strona g\u0142\u00f3wna\",\"item\":\"https:\/\/gsauditors.pl\/en\/\"},{\"@type\":\"ListItem\",\"position\":2,\"name\":\"About us\"}]},{\"@type\":\"WebSite\",\"@id\":\"https:\/\/gsauditors.pl\/#website\",\"url\":\"https:\/\/gsauditors.pl\/\",\"name\":\"GS Auditors\",\"description\":\"Obs\u0142uga ksi\u0119gowa, doradztwo podatkowe\",\"potentialAction\":[{\"@type\":\"SearchAction\",\"target\":{\"@type\":\"EntryPoint\",\"urlTemplate\":\"https:\/\/gsauditors.pl\/?s={search_term_string}\"},\"query-input\":{\"@type\":\"PropertyValueSpecification\",\"valueRequired\":true,\"valueName\":\"search_term_string\"}}],\"inLanguage\":\"en-US\"}]}<\/script>\n<!-- \/ Yoast SEO plugin. -->","yoast_head_json":{"title":"About us - GS Auditors","description":"Auditors G\u00f3rka & Szulc Sp. z o.o. is a modern accounting company providing services both to local companies and large international corporations and foreign entities.","robots":{"index":"index","follow":"follow","max-snippet":"max-snippet:-1","max-image-preview":"max-image-preview:large","max-video-preview":"max-video-preview:-1"},"canonical":"https:\/\/gsauditors.pl\/en\/about-us\/","og_locale":"en_US","og_type":"article","og_title":"About us - GS Auditors","og_description":"Auditors G\u00f3rka & Szulc Sp. z o.o. is a modern accounting company providing services both to local companies and large international corporations and foreign entities.","og_url":"https:\/\/gsauditors.pl\/en\/about-us\/","og_site_name":"GS Auditors","article_modified_time":"2023-01-04T11:50:55+00:00","og_image":[{"width":600,"height":315,"url":"https:\/\/gsauditors.pl\/wp-content\/uploads\/2020\/01\/fb-gs-auditors.jpg","type":"image\/jpeg"}],"twitter_card":"summary_large_image","twitter_misc":{"Est. reading time":"3 minutes"},"schema":{"@context":"https:\/\/schema.org","@graph":[{"@type":"WebPage","@id":"https:\/\/gsauditors.pl\/en\/about-us\/","url":"https:\/\/gsauditors.pl\/en\/about-us\/","name":"About us - GS Auditors","isPartOf":{"@id":"https:\/\/gsauditors.pl\/#website"},"datePublished":"2020-01-27T08:57:19+00:00","dateModified":"2023-01-04T11:50:55+00:00","description":"Auditors G\u00f3rka & Szulc Sp. z o.o. is a modern accounting company providing services both to local companies and large international corporations and foreign entities.","breadcrumb":{"@id":"https:\/\/gsauditors.pl\/en\/about-us\/#breadcrumb"},"inLanguage":"en-US","potentialAction":[{"@type":"ReadAction","target":["https:\/\/gsauditors.pl\/en\/about-us\/"]}]},{"@type":"BreadcrumbList","@id":"https:\/\/gsauditors.pl\/en\/about-us\/#breadcrumb","itemListElement":[{"@type":"ListItem","position":1,"name":"Strona g\u0142\u00f3wna","item":"https:\/\/gsauditors.pl\/en\/"},{"@type":"ListItem","position":2,"name":"About us"}]},{"@type":"WebSite","@id":"https:\/\/gsauditors.pl\/#website","url":"https:\/\/gsauditors.pl\/","name":"GS Auditors","description":"Obs\u0142uga ksi\u0119gowa, doradztwo podatkowe","potentialAction":[{"@type":"SearchAction","target":{"@type":"EntryPoint","urlTemplate":"https:\/\/gsauditors.pl\/?s={search_term_string}"},"query-input":{"@type":"PropertyValueSpecification","valueRequired":true,"valueName":"search_term_string"}}],"inLanguage":"en-US"}]}},"_links":{"self":[{"href":"https:\/\/gsauditors.pl\/en\/wp-json\/wp\/v2\/pages\/378","targetHints":{"allow":["GET"]}}],"collection":[{"href":"https:\/\/gsauditors.pl\/en\/wp-json\/wp\/v2\/pages"}],"about":[{"href":"https:\/\/gsauditors.pl\/en\/wp-json\/wp\/v2\/types\/page"}],"author":[{"embeddable":true,"href":"https:\/\/gsauditors.pl\/en\/wp-json\/wp\/v2\/users\/1"}],"replies":[{"embeddable":true,"href":"https:\/\/gsauditors.pl\/en\/wp-json\/wp\/v2\/comments?post=378"}],"version-history":[{"count":4,"href":"https:\/\/gsauditors.pl\/en\/wp-json\/wp\/v2\/pages\/378\/revisions"}],"predecessor-version":[{"id":423,"href":"https:\/\/gsauditors.pl\/en\/wp-json\/wp\/v2\/pages\/378\/revisions\/423"}],"wp:attachment":[{"href":"https:\/\/gsauditors.pl\/en\/wp-json\/wp\/v2\/media?parent=378"}],"curies":[{"name":"wp","href":"https:\/\/api.w.org\/{rel}","templated":true}]}}